{"id":195,"date":"2018-11-01T23:12:06","date_gmt":"2018-11-01T23:12:06","guid":{"rendered":"http:\/\/www.fondationchaleur.ca\/impact\/"},"modified":"2019-06-11T09:41:00","modified_gmt":"2019-06-11T09:41:00","slug":"impact","status":"publish","type":"page","link":"https:\/\/fondationchaleur.ca\/en\/impact\/","title":{"rendered":"Impact"},"content":{"rendered":"\n<h3>T\u00e9moignages<\/h3>\n\n\n\n<h5>Jacques Ouellet : Je profite de la vie apr\u00e8s une intervention au coeur<\/h5>\n\n\n\n<p>Apr\u00e8s qu\u2019une personne a subi une intervention au c\u0153ur, sa vie peut changer ou demeurer comme elle \u00e9tait avant la chirurgie. Tout d\u00e9pend de l\u2019attitude de la personne \u00e0 l\u2019\u00e9gard de cet \u00e9v\u00e8nement qui semble impossible \u00e0 ma\u00eetriser. Certains s\u2019apitoient sur leur sort, tandis que d\u2019autres se prennent en main pour profiter pleinement de la deuxi\u00e8me chance qui leur est accord\u00e9e. De mon c\u00f4t\u00e9, je me r\u00e9jouis d\u2019avoir la chance de voir mes petits-enfants grandir et de passer du temps avec ma famille.<br>Dans mon cas, les facteurs de risque \u00e9taient \u00e9lev\u00e9s. En d\u00e9pit d\u2019un suivi \u00e9troit des m\u00e9decins, mes ant\u00e9c\u00e9dents familiaux m\u2019indiquaient un chemin qui me m\u00e8nerait tout droit \u00e0 un probl\u00e8me cardiaque. De l\u2019exercice et une meilleure alimentation auraient pu m\u2019aider \u00e0 pr\u00e9venir ma maladie cardiaque, mais je n\u2019ai pas chang\u00e9 mon mode de vie. Comme tout le monde, je suis humain et je pensais que ce genre de probl\u00e8me n\u2019arrivait qu\u2019aux autres.<br>Je profite maintenant de ma deuxi\u00e8me chance pour agir et continuer d\u2019encourager toutes sortes d\u2019initiatives de pr\u00e9vention des maladies cardiaques. Nous nous devons tous d\u2019appuyer notre fondation, qui s\u2019active \u00e0 am\u00e9liorer les services de d\u00e9pistage et les soins de premi\u00e8re ligne en faisant l\u2019acquisition d\u2019\u00e9quipement pour notre h\u00f4pital. Il y va de la survie de nombreuses personnes<\/p>\n\n\n\n<h5>Mike et de Danielle Goyette au sujet de la naissance de Lennon Michael le 20 novembre 2012<\/h5>\n\n\n\n<p>\u00ab Nous avons \u00e9t\u00e9 extr\u00eamement impressionn\u00e9s par les soins que nous avons re\u00e7us \u00e0 l\u2019H\u00f4pital r\u00e9gional Chaleur\u2026 \u00e0 partir de notre premier rendez-vous pr\u00e9natal jusqu\u2019\u00e0 notre d\u00e9part de l\u2019h\u00f4pital avec notre beau b\u00e9b\u00e9. Tout au long de notre aventure, nous avons eu une confiance absolue dans les m\u00e9decins, les infirmi\u00e8res et les r\u00e9sidents et nous savions qu\u2019ils nous offraient d\u2019excellents soins.<\/p>\n\n\n\n<p>Les m\u00e9decins ont d\u00e9couvert que notre fils avait des probl\u00e8mes mineurs apr\u00e8s sa naissance. Nous avons d\u00fb rester plus longtemps que pr\u00e9vu \u00e0 l\u2019h\u00f4pital et l\u2019Unit\u00e9 des soins intensifs n\u00e9onatals est devenue notre deuxi\u00e8me chez-nous pendant la premi\u00e8re semaine de vie de Lennon. Nous avons re\u00e7u des soins de la part de gens qui aiment beaucoup leur travail et \u00e7a nous a fait chaud au c\u0153ur. \u00bb<\/p>\n\n\n\n<h5>Peter Gummer : Exp\u00e9rience positive \u00e0 l\u2019H\u00f4pital r\u00e9gional Chaleur<\/h5>\n\n\n\n<p>J\u2019ai \u00e9t\u00e9 admis \u00e0 l\u2019H\u00f4pital r\u00e9gional Chaleur le 13 ao\u00fbt 2012 pour subir un remplacement du genou. Apr\u00e8s l\u2019intervention, j\u2019ai d\u00fb utiliser une marchette pendant deux jours et une canne pendant deux semaines. Gr\u00e2ce \u00e0 la qualit\u00e9 des soins que j\u2019ai re\u00e7us et aux exercices que m\u2019a recommand\u00e9s le professionnel de la sant\u00e9, je suis tr\u00e8s heureux de dire que trois mois plus tard, j\u2019ai recommenc\u00e9 \u00e0 faire ce que j\u2019aime plus que tout : marcher dans les broussailles en tant que g\u00e9ologue et prospecteur\u2026 au jeune \u00e2ge de 70 ans, rien de moins! Mon exp\u00e9rience \u00e0 l\u2019H\u00f4pital r\u00e9gional Chaleur a \u00e9t\u00e9 tr\u00e8s positive et je tiens \u00e0 remercier sinc\u00e8rement le personnel exceptionnel de son engagement pour assurer mon r\u00e9tablissement.\n\n<\/p>\n","protected":false},"excerpt":{"rendered":"<p>T\u00e9moignages Jacques Ouellet : Je profite de la vie apr\u00e8s une intervention au coeur Apr\u00e8s qu\u2019une personne a subi une&#8230;.<\/p>\n","protected":false},"author":1,"featured_media":0,"parent":0,"menu_order":0,"comment_status":"closed","ping_status":"closed","template":"","meta":[],"acf":[],"_links":{"self":[{"href":"https:\/\/fondationchaleur.ca\/en\/wp-json\/wp\/v2\/pages\/195"}],"collection":[{"href":"https:\/\/fondationchaleur.ca\/en\/wp-json\/wp\/v2\/pages"}],"about":[{"href":"https:\/\/fondationchaleur.ca\/en\/wp-json\/wp\/v2\/types\/page"}],"author":[{"embeddable":true,"href":"https:\/\/fondationchaleur.ca\/en\/wp-json\/wp\/v2\/users\/1"}],"replies":[{"embeddable":true,"href":"https:\/\/fondationchaleur.ca\/en\/wp-json\/wp\/v2\/comments?post=195"}],"version-history":[{"count":2,"href":"https:\/\/fondationchaleur.ca\/en\/wp-json\/wp\/v2\/pages\/195\/revisions"}],"predecessor-version":[{"id":3826,"href":"https:\/\/fondationchaleur.ca\/en\/wp-json\/wp\/v2\/pages\/195\/revisions\/3826"}],"wp:attachment":[{"href":"https:\/\/fondationchaleur.ca\/en\/wp-json\/wp\/v2\/media?parent=195"}],"curies":[{"name":"wp","href":"https:\/\/api.w.org\/{rel}","templated":true}]}}